{"id":4439,"date":"2021-10-12T16:27:24","date_gmt":"2021-10-12T16:27:24","guid":{"rendered":"http:\/\/dummy.xtemos.com\/woodmart2\/elementor\/?page_id=4439"},"modified":"2024-01-17T15:05:06","modified_gmt":"2024-01-17T15:05:06","slug":"contact","status":"publish","type":"page","link":"https:\/\/sdc.groprotex.com\/index.php\/contact\/","title":{"rendered":"Contact"},"content":{"rendered":"\t\t<div data-elementor-type=\"wp-page\" data-elementor-id=\"4439\" class=\"elementor elementor-4439\">\n\t\t\t\t\t\t\t\t\t<section class=\"wd-negative-gap elementor-section elementor-top-section elementor-element elementor-element-1c9344a2 elementor-section-boxed elementor-section-height-default elementor-section-height-default wd-section-disabled\" data-id=\"1c9344a2\" data-element_type=\"section\">\n\t\t\t\t\t\t<div class=\"elementor-container elementor-column-gap-default\">\n\t\t\t\t\t<div class=\"elementor-column elementor-col-100 elementor-top-column elementor-element elementor-element-a4e7846\" data-id=\"a4e7846\" data-element_type=\"column\">\n\t\t\t<div class=\"elementor-widget-wrap elementor-element-populated\">\n\t\t\t\t\t\t\t\t<div class=\"elementor-element elementor-element-766aab0 elementor-widget elementor-widget-wd_open_street_map\" data-id=\"766aab0\" data-element_type=\"widget\" data-widget_type=\"wd_open_street_map.default\">\n\t\t\t\t<div class=\"elementor-widget-container\">\n\t\t\t\t\t<div class=\"wd-osm-map-container wd-map-container map-container-with-content\">\n\t\t\t<div id=\"wd-osm-map-766aab0\" class=\"wd-osm-map-wrapper wd-map-wrapper\" data-settings=\"{&quot;zoom&quot;:15,&quot;iconUrl&quot;:&quot;https:\\\/\\\/sdc.groprotex.com\\\/wp-content\\\/themes\\\/woodmart\\\/images\\\/icons\\\/marker-icon.png&quot;,&quot;scrollWheelZoom&quot;:&quot;yes&quot;,&quot;zoomControl&quot;:&quot;yes&quot;,&quot;dragging&quot;:&quot;yes&quot;,&quot;geoapify_tile&quot;:&quot;osm-carto&quot;,&quot;markers&quot;:[{&quot;marker&quot;:{&quot;_id&quot;:&quot;d04377b&quot;,&quot;marker_coords&quot;:&quot;14.753198288897082, -17.447456172733794&quot;,&quot;marker_title&quot;:&quot;&quot;,&quot;marker_description&quot;:&quot;&quot;,&quot;marker_behavior&quot;:&quot;popup&quot;,&quot;show_button&quot;:&quot;no&quot;,&quot;button_text&quot;:null,&quot;button_url&quot;:null,&quot;button_url_target&quot;:null,&quot;image&quot;:{&quot;url&quot;:&quot;&quot;,&quot;id&quot;:&quot;&quot;,&quot;size&quot;:&quot;&quot;},&quot;image_size&quot;:[],&quot;image_custom_dimension&quot;:null},&quot;lat&quot;:&quot;14.753198288897082&quot;,&quot;lng&quot;:&quot; -17.447456172733794&quot;}],&quot;center&quot;:&quot;14.753198288897,-17.447456172734&quot;,&quot;init_type&quot;:&quot;page_load&quot;}\"><\/div>\n\n\t\t\t\n\t\t\t\n\t\t\t\t\t\t\t<div class=\"container wd-osm-map-content-wrap wd-map-content-wrap wd-items-top wd-justify-left wd-fill\">\n\t\t\t\t\t<div class=\"wd-osm-map-content wd-map-content reset-last-child\">\n\t\t\t\t\t\t\t\t\t\t\t\t\t<ul class=\"wd-list color-scheme- wd-fontsize-xs wd-list-type-image wd-list-style- wd-justify-left\">\n<li class=\"elementor-repeater-item-80be36b\"><img decoding=\"async\" loading=\"lazy\" title=\"wd-cursor-dark\" src=\"https:\/\/sdc.groprotex.com\/wp-content\/uploads\/2021\/08\/wd-cursor-dark.svg\" width=\"14\" height=\"14\" \/><span class=\"list-content\">Parcelles U25 Villa N\u00b00001 non loin du stade leopold S\u00e9dar Senghor, Dakar, Senegal<\/span><\/li>\n<li class=\"elementor-repeater-item-c383cf6\"><img decoding=\"async\" loading=\"lazy\" title=\"wd-phone-dark\" src=\"https:\/\/sdc.groprotex.com\/wp-content\/uploads\/2021\/08\/wd-phone-dark.svg\" width=\"14\" height=\"14\" \/><span class=\"list-content\">T\u00e9l\u00e9phone: (+221) 77 173 05 05<\/span><\/li>\n<li class=\"elementor-repeater-item-a511145\"><img decoding=\"async\" loading=\"lazy\" title=\"wd-envelope-dark\" src=\"https:\/\/sdc.groprotex.com\/wp-content\/uploads\/2021\/08\/wd-envelope-dark.svg\" width=\"14\" height=\"14\" \/><span class=\"list-content\">Email: info@serignedionguecouture.com<\/span><\/li>\n<\/ul>\n\t\t\t\t\t\t\t\t\t\t\t<\/div>\n\t\t\t\t<\/div>\n\t\t\t\t\t<\/div>\n\t\t\t\t<\/div>\n\t\t\t\t<\/div>\n\t\t\t\t\t<\/div>\n\t\t<\/div>\n\t\t\t\t\t\t\t<\/div>\n\t\t<\/section>\n\t\t\t\t\t\t\t<\/div>\n\t\t","protected":false},"excerpt":{"rendered":"<p>Parcelles U25 Villa N\u00b00001 non loin du stade leopold S\u00e9dar Senghor, Dakar, Senegal T\u00e9l\u00e9phone: (+221) 77 173 05 05 Email:<\/p>\n","protected":false},"author":1,"featured_media":0,"parent":0,"menu_order":0,"comment_status":"closed","ping_status":"closed","template":"","meta":{"footnotes":""},"jetpack_sharing_enabled":true,"_links":{"self":[{"href":"https:\/\/sdc.groprotex.com\/index.php\/wp-json\/wp\/v2\/pages\/4439"}],"collection":[{"href":"https:\/\/sdc.groprotex.com\/index.php\/wp-json\/wp\/v2\/pages"}],"about":[{"href":"https:\/\/sdc.groprotex.com\/index.php\/wp-json\/wp\/v2\/types\/page"}],"author":[{"embeddable":true,"href":"https:\/\/sdc.groprotex.com\/index.php\/wp-json\/wp\/v2\/users\/1"}],"replies":[{"embeddable":true,"href":"https:\/\/sdc.groprotex.com\/index.php\/wp-json\/wp\/v2\/comments?post=4439"}],"version-history":[{"count":4,"href":"https:\/\/sdc.groprotex.com\/index.php\/wp-json\/wp\/v2\/pages\/4439\/revisions"}],"predecessor-version":[{"id":15908,"href":"https:\/\/sdc.groprotex.com\/index.php\/wp-json\/wp\/v2\/pages\/4439\/revisions\/15908"}],"wp:attachment":[{"href":"https:\/\/sdc.groprotex.com\/index.php\/wp-json\/wp\/v2\/media?parent=4439"}],"curies":[{"name":"wp","href":"https:\/\/api.w.org\/{rel}","templated":true}]}}